{"id":3362,"date":"2023-09-26T12:13:23","date_gmt":"2023-09-26T12:13:23","guid":{"rendered":"https:\/\/semaine-enfance.lu\/?page_id=3362"},"modified":"2025-11-05T06:20:15","modified_gmt":"2025-11-05T06:20:15","slug":"contact","status":"publish","type":"page","link":"https:\/\/semaine-enfance.lu\/?page_id=3362&lang=lu","title":{"rendered":"Contact"},"content":{"rendered":"<p>D\u00e9i f\u00ebnneft Editioun vum\u00a0<strong>Kannerfestival <\/strong>f\u00ebnnt den<strong> 30. Mee 2026, vun 10 bis 18 Auer an den an 31. Mee vun 10 bis 17 Auer an der Abtei Neim\u00ebnster<\/strong> statt.<\/p>\n<p><strong><em>Foodtrucks<\/em><\/strong> verkafen <strong>Gedr\u00e9nks an Iessen<\/strong> w\u00e4rend dem Kannerfestival.<\/p>\n<p>Br\u00e9ngt och <span class=\"entry-definition__text-item entry-definition__text-item--inflected-headword js-highlight-search\" data-v-09e2b3f0=\"\">\u00c4r<\/span> Waasserfl\u00e4schen mat fir se beim <strong>Dr\u00e9nkwaasserspender<\/strong> opzef\u00ebllen.<\/p>\n<p>&nbsp;<\/p>\n<p><strong>Wenn Sie das Veranstaltungsgel\u00e4nde betreten, betreten Sie einen Bereich, in dem Foto- und Videoaufnahmen gemacht werden.<\/strong><\/p>\n<p>Durch Ihre Teilnahme an der Veranstaltung \u201eKannerfestival\u201c stimmen Sie zu, dass das Ministerium f\u00fcr Bildung, Kinder und Jugend (MENJE) diese Aufnahmen f\u00fcr nicht kommerzielle Zwecke in gedruckten oder elektronischen Dokumenten, Faltbl\u00e4ttern, Werbematerialien, Zeitschriften, Newslettern, auf den Websites und in sozialen Netzwerken (Facebook, Linkedin), die vom MENJE verwaltet werden, verbreitet, ver\u00f6ffentlicht, ausstellt oder vervielf\u00e4ltigt.<\/p>\n","protected":false},"excerpt":{"rendered":"<p>D\u00e9i f\u00ebnneft Editioun vum\u00a0Kannerfestival f\u00ebnnt den 30. Mee 2026, vun 10 bis 18 Auer an den an 31. Mee vun 10 bis 17 Auer an der Abtei Neim\u00ebnster statt. Foodtrucks verkafen Gedr\u00e9nks an Iessen w\u00e4rend dem Kannerfestival. Br\u00e9ngt och \u00c4r Waasserfl\u00e4schen mat fir se beim Dr\u00e9nkwaasserspender opzef\u00ebllen. &nbsp; Wenn Sie das Veranstaltungsgel\u00e4nde betreten, betreten Sie &hellip; <a href=\"https:\/\/semaine-enfance.lu\/?page_id=3362&#038;lang=lu\">Continued<\/a><\/p>\n","protected":false},"author":7,"featured_media":0,"parent":0,"menu_order":0,"comment_status":"closed","ping_status":"closed","template":"template-contact.blade.php","meta":{"_acf_changed":false,"inline_featured_image":false,"footnotes":""},"class_list":["post-3362","page","type-page","status-publish","hentry"],"acf":[],"lang":"lu","translations":{"lu":3362,"fr":3359,"en":3364},"pll_sync_post":[],"_links":{"self":[{"href":"https:\/\/semaine-enfance.lu\/index.php?rest_route=\/wp\/v2\/pages\/3362","targetHints":{"allow":["GET"]}}],"collection":[{"href":"https:\/\/semaine-enfance.lu\/index.php?rest_route=\/wp\/v2\/pages"}],"about":[{"href":"https:\/\/semaine-enfance.lu\/index.php?rest_route=\/wp\/v2\/types\/page"}],"author":[{"embeddable":true,"href":"https:\/\/semaine-enfance.lu\/index.php?rest_route=\/wp\/v2\/users\/7"}],"replies":[{"embeddable":true,"href":"https:\/\/semaine-enfance.lu\/index.php?rest_route=%2Fwp%2Fv2%2Fcomments&post=3362"}],"version-history":[{"count":17,"href":"https:\/\/semaine-enfance.lu\/index.php?rest_route=\/wp\/v2\/pages\/3362\/revisions"}],"predecessor-version":[{"id":10588,"href":"https:\/\/semaine-enfance.lu\/index.php?rest_route=\/wp\/v2\/pages\/3362\/revisions\/10588"}],"wp:attachment":[{"href":"https:\/\/semaine-enfance.lu\/index.php?rest_route=%2Fwp%2Fv2%2Fmedia&parent=3362"}],"curies":[{"name":"wp","href":"https:\/\/api.w.org\/{rel}","templated":true}]}}