{"id":3359,"date":"2023-09-26T09:42:10","date_gmt":"2023-09-26T09:42:10","guid":{"rendered":"https:\/\/semaine-enfance.lu\/?page_id=3359"},"modified":"2026-04-22T09:25:40","modified_gmt":"2026-04-22T09:25:40","slug":"contact","status":"publish","type":"page","link":"https:\/\/semaine-enfance.lu\/?page_id=3359&lang=fr","title":{"rendered":"Contact"},"content":{"rendered":"<p><strong>La cinqui\u00e8me \u00e9dition du Festival de l\u2019enfance<\/strong> se tiendra <strong>le 30 mai 2026, de 10 h 00 \u00e0 18 h 00 et le dimanche 31 mai 2026, de 10 h 00 \u00e0 17 h 00<\/strong> au coeur du <strong>Centre Culturel de Rencontre Abbaye de Neum\u00fcnster<\/strong>.<\/p>\n<p>Des <strong><em>foodtrucks<\/em> <\/strong>offriront \u00e0 la vente des plats \u00e0 d\u00e9guster et une<strong> fontaine d\u2019eau<\/strong> est \u00e0 votre disposition pour remplir\u00a0 vos gourdes.<\/p>\n<p>&nbsp;<\/p>\n<p><strong>En entrant sur le site de l&rsquo;\u00e9v\u00e9nement, vous p\u00e9n\u00e9trez dans une zone o\u00f9 des photos sont prises et des enregistrements vid\u00e9o sont r\u00e9alis\u00e9s.<\/strong><\/p>\n<p>En assistant au Festival de l\u2019enfance, vous consentez \u00e0 ces enregistrements et \u00e0 leur diffusion, publication, exposition ou reproduction sur des documents imprim\u00e9s ou \u00e9lectroniques, d\u00e9pliants, outils de promotion, revues, bulletins, sites web, r\u00e9seaux sociaux (Facebook, Linkedin) g\u00e9r\u00e9s par le Minist\u00e8re de l\u2019\u00c9ducation nationale, de l\u2019Enfance et de la Jeunesse, et ce, \u00e0 des fins non commerciales.<\/p>\n","protected":false},"excerpt":{"rendered":"<p>La cinqui\u00e8me \u00e9dition du Festival de l\u2019enfance se tiendra le 30 mai 2026, de 10 h 00 \u00e0 18 h 00 et le dimanche 31 mai 2026, de 10 h 00 \u00e0 17 h 00 au coeur du Centre Culturel de Rencontre Abbaye de Neum\u00fcnster. Des foodtrucks offriront \u00e0 la vente des plats \u00e0 d\u00e9guster &hellip; <a href=\"https:\/\/semaine-enfance.lu\/?page_id=3359&#038;lang=fr\">Continued<\/a><\/p>\n","protected":false},"author":7,"featured_media":0,"parent":0,"menu_order":0,"comment_status":"closed","ping_status":"closed","template":"template-contact.blade.php","meta":{"_acf_changed":false,"inline_featured_image":false,"footnotes":""},"class_list":["post-3359","page","type-page","status-publish","hentry"],"acf":[],"lang":"fr","translations":{"fr":3359,"lu":3362,"en":3364},"pll_sync_post":[],"_links":{"self":[{"href":"https:\/\/semaine-enfance.lu\/index.php?rest_route=\/wp\/v2\/pages\/3359","targetHints":{"allow":["GET"]}}],"collection":[{"href":"https:\/\/semaine-enfance.lu\/index.php?rest_route=\/wp\/v2\/pages"}],"about":[{"href":"https:\/\/semaine-enfance.lu\/index.php?rest_route=\/wp\/v2\/types\/page"}],"author":[{"embeddable":true,"href":"https:\/\/semaine-enfance.lu\/index.php?rest_route=\/wp\/v2\/users\/7"}],"replies":[{"embeddable":true,"href":"https:\/\/semaine-enfance.lu\/index.php?rest_route=%2Fwp%2Fv2%2Fcomments&post=3359"}],"version-history":[{"count":22,"href":"https:\/\/semaine-enfance.lu\/index.php?rest_route=\/wp\/v2\/pages\/3359\/revisions"}],"predecessor-version":[{"id":12767,"href":"https:\/\/semaine-enfance.lu\/index.php?rest_route=\/wp\/v2\/pages\/3359\/revisions\/12767"}],"wp:attachment":[{"href":"https:\/\/semaine-enfance.lu\/index.php?rest_route=%2Fwp%2Fv2%2Fmedia&parent=3359"}],"curies":[{"name":"wp","href":"https:\/\/api.w.org\/{rel}","templated":true}]}}